{"id":2929,"date":"2022-04-26T12:43:25","date_gmt":"2022-04-26T10:43:25","guid":{"rendered":"https:\/\/couragetechnologies.eu\/?page_id=2929"},"modified":"2022-08-07T13:40:25","modified_gmt":"2022-08-07T11:40:25","slug":"politique-de-confidentialite","status":"publish","type":"page","link":"https:\/\/couragetechnologies.eu\/fr\/politique-de-confidentialite\/","title":{"rendered":"Politique de confidentialit\u00e9"},"content":{"rendered":"\t\t<div data-elementor-type=\"wp-page\" data-elementor-id=\"2929\" class=\"elementor elementor-2929\" data-elementor-settings=\"[]\">\n\t\t\t\t\t\t\t<div class=\"elementor-section-wrap\">\n\t\t\t\t\t\t\t<section class=\"elementor-section elementor-top-section elementor-element elementor-element-6aa2d83 elementor-section-full_width elementor-section-height-default elementor-section-height-default\" data-id=\"6aa2d83\" data-element_type=\"section\">\n\t\t\t\t\t\t<div class=\"elementor-container elementor-column-gap-default\">\n\t\t\t\t\t<div class=\"elementor-column elementor-col-100 elementor-top-column elementor-element elementor-element-6c003d8\" data-id=\"6c003d8\" data-element_type=\"column\">\n\t\t\t<div class=\"elementor-widget-wrap elementor-element-populated\">\n\t\t\t\t\t\t\t\t<div class=\"elementor-element elementor-element-743b82e elementor--h-position-center elementor--v-position-middle elementor-arrows-position-inside elementor-pagination-position-inside elementor-widget elementor-widget-slides\" data-id=\"743b82e\" data-element_type=\"widget\" data-settings=\"{&quot;navigation&quot;:&quot;both&quot;,&quot;autoplay&quot;:&quot;yes&quot;,&quot;pause_on_hover&quot;:&quot;yes&quot;,&quot;pause_on_interaction&quot;:&quot;yes&quot;,&quot;autoplay_speed&quot;:5000,&quot;infinite&quot;:&quot;yes&quot;,&quot;transition&quot;:&quot;slide&quot;,&quot;transition_speed&quot;:500}\" data-widget_type=\"slides.default\">\n\t\t\t\t<div class=\"elementor-widget-container\">\n\t\t\t<style>\/*! elementor-pro - v3.6.3 - 28-02-2022 *\/\n.elementor-slides .swiper-slide-bg{background-size:cover;background-position:50%;background-repeat:no-repeat;min-width:100%;min-height:100%}.elementor-slides .swiper-slide-inner{background-repeat:no-repeat;background-position:50%;position:absolute;top:0;left:0;bottom:0;right:0;padding:50px;margin:auto}.elementor-slides .swiper-slide-inner,.elementor-slides .swiper-slide-inner:hover{color:#fff;display:-webkit-box;display:-ms-flexbox;display:flex}.elementor-slides .swiper-slide-inner .elementor-background-overlay{position:absolute;z-index:0;top:0;bottom:0;left:0;right:0}.elementor-slides .swiper-slide-inner .elementor-slide-content{position:relative;z-index:1;width:100%}.elementor-slides .swiper-slide-inner .elementor-slide-heading{font-size:35px;font-weight:700;line-height:1}.elementor-slides .swiper-slide-inner .elementor-slide-description{font-size:17px;line-height:1.4}.elementor-slides .swiper-slide-inner .elementor-slide-description:not(:last-child),.elementor-slides .swiper-slide-inner .elementor-slide-heading:not(:last-child){margin-bottom:30px}.elementor-slides .swiper-slide-inner .elementor-slide-button{border:2px solid #fff;color:#fff;background:transparent;display:inline-block}.elementor-slides .swiper-slide-inner .elementor-slide-button,.elementor-slides .swiper-slide-inner .elementor-slide-button:hover{background:transparent;color:inherit;text-decoration:none}.elementor--v-position-top .swiper-slide-inner{-webkit-box-align:start;-ms-flex-align:start;align-items:flex-start}.elementor--v-position-bottom .swiper-slide-inner{-webkit-box-align:end;-ms-flex-align:end;align-items:flex-end}.elementor--v-position-middle .swiper-slide-inner{-webkit-box-align:center;-ms-flex-align:center;align-items:center}.elementor--h-position-left .swiper-slide-inner{-webkit-box-pack:start;-ms-flex-pack:start;justify-content:flex-start}.elementor--h-position-right .swiper-slide-inner{-webkit-box-pack:end;-ms-flex-pack:end;justify-content:flex-end}.elementor--h-position-center .swiper-slide-inner{-webkit-box-pack:center;-ms-flex-pack:center;justify-content:center}body.rtl .elementor-widget-slides .elementor-swiper-button-next{left:10px;right:auto}body.rtl .elementor-widget-slides .elementor-swiper-button-prev{right:10px;left:auto}.elementor-slides-wrapper div:not(.swiper-slide)>.swiper-slide-inner{display:none}@media (max-width:767px){.elementor-slides .swiper-slide-inner{padding:30px}.elementor-slides .swiper-slide-inner .elementor-slide-heading{font-size:23px;line-height:1;margin-bottom:15px}.elementor-slides .swiper-slide-inner .elementor-slide-description{font-size:13px;line-height:1.4;margin-bottom:15px}}<\/style>\t\t<div class=\"elementor-swiper\">\n\t\t\t<div class=\"elementor-slides-wrapper elementor-main-swiper swiper-container\" dir=\"ltr\" data-animation=\"fadeInUp\">\n\t\t\t\t<div class=\"swiper-wrapper elementor-slides\">\n\t\t\t\t\t\t\t\t\t\t<div class=\"elementor-repeater-item-9420a92 swiper-slide\"><div class=\"swiper-slide-bg\"><\/div><div class=\"swiper-slide-inner\" ><div class=\"swiper-slide-contents\"><\/div><\/div><\/div>\t\t\t\t<\/div>\n\t\t\t\t\t\t\t<\/div>\n\t\t<\/div>\n\t\t\t\t<\/div>\n\t\t\t\t<\/div>\n\t\t\t\t\t<\/div>\n\t\t<\/div>\n\t\t\t\t\t\t\t<\/div>\n\t\t<\/section>\n\t\t\t\t<section class=\"elementor-section elementor-top-section elementor-element elementor-element-def945f elementor-section-boxed elementor-section-height-default elementor-section-height-default\" data-id=\"def945f\" data-element_type=\"section\" data-settings=\"{&quot;background_background&quot;:&quot;gradient&quot;}\">\n\t\t\t\t\t\t<div class=\"elementor-container elementor-column-gap-default\">\n\t\t\t\t\t<div class=\"elementor-column elementor-col-16 elementor-top-column elementor-element elementor-element-9b65030\" data-id=\"9b65030\" data-element_type=\"column\">\n\t\t\t<div class=\"elementor-widget-wrap\">\n\t\t\t\t\t\t\t\t\t<\/div>\n\t\t<\/div>\n\t\t\t\t<div class=\"elementor-column elementor-col-66 elementor-top-column elementor-element elementor-element-e15f854\" data-id=\"e15f854\" data-element_type=\"column\">\n\t\t\t<div class=\"elementor-widget-wrap elementor-element-populated\">\n\t\t\t\t\t\t\t\t<div class=\"elementor-element elementor-element-82ce55f elementor-widget elementor-widget-heading\" data-id=\"82ce55f\" data-element_type=\"widget\" data-widget_type=\"heading.default\">\n\t\t\t\t<div class=\"elementor-widget-container\">\n\t\t\t<style>\/*! elementor - v3.5.6 - 28-02-2022 *\/\n.elementor-heading-title{padding:0;margin:0;line-height:1}.elementor-widget-heading .elementor-heading-title[class*=elementor-size-]>a{color:inherit;font-size:inherit;line-height:inherit}.elementor-widget-heading .elementor-heading-title.elementor-size-small{font-size:15px}.elementor-widget-heading .elementor-heading-title.elementor-size-medium{font-size:19px}.elementor-widget-heading .elementor-heading-title.elementor-size-large{font-size:29px}.elementor-widget-heading .elementor-heading-title.elementor-size-xl{font-size:39px}.elementor-widget-heading .elementor-heading-title.elementor-size-xxl{font-size:59px}<\/style><h1 class=\"elementor-heading-title elementor-size-default\">Politique de confidentialit\u00e9<\/h1>\t\t<\/div>\n\t\t\t\t<\/div>\n\t\t\t\t\t<\/div>\n\t\t<\/div>\n\t\t\t\t<div class=\"elementor-column elementor-col-16 elementor-top-column elementor-element elementor-element-70bff02\" data-id=\"70bff02\" data-element_type=\"column\">\n\t\t\t<div class=\"elementor-widget-wrap\">\n\t\t\t\t\t\t\t\t\t<\/div>\n\t\t<\/div>\n\t\t\t\t\t\t\t<\/div>\n\t\t<\/section>\n\t\t\t\t<section class=\"elementor-section elementor-top-section elementor-element elementor-element-9ef569f elementor-section-boxed elementor-section-height-default elementor-section-height-default\" data-id=\"9ef569f\" data-element_type=\"section\">\n\t\t\t\t\t\t<div class=\"elementor-container elementor-column-gap-default\">\n\t\t\t\t\t<div class=\"elementor-column elementor-col-16 elementor-top-column elementor-element elementor-element-972d083\" data-id=\"972d083\" data-element_type=\"column\">\n\t\t\t<div class=\"elementor-widget-wrap\">\n\t\t\t\t\t\t\t\t\t<\/div>\n\t\t<\/div>\n\t\t\t\t<div class=\"elementor-column elementor-col-66 elementor-top-column elementor-element elementor-element-59b78aa\" data-id=\"59b78aa\" data-element_type=\"column\">\n\t\t\t<div class=\"elementor-widget-wrap elementor-element-populated\">\n\t\t\t\t\t\t\t\t<div class=\"elementor-element elementor-element-f6ca4e7 elementor-widget elementor-widget-text-editor\" data-id=\"f6ca4e7\" data-element_type=\"widget\" data-widget_type=\"text-editor.default\">\n\t\t\t\t<div class=\"elementor-widget-container\">\n\t\t\t<style>\/*! elementor - v3.5.6 - 28-02-2022 *\/\n.elementor-widget-text-editor.elementor-drop-cap-view-stacked .elementor-drop-cap{background-color:#818a91;color:#fff}.elementor-widget-text-editor.elementor-drop-cap-view-framed .elementor-drop-cap{color:#818a91;border:3px solid;background-color:transparent}.elementor-widget-text-editor:not(.elementor-drop-cap-view-default) .elementor-drop-cap{margin-top:8px}.elementor-widget-text-editor:not(.elementor-drop-cap-view-default) .elementor-drop-cap-letter{width:1em;height:1em}.elementor-widget-text-editor .elementor-drop-cap{float:left;text-align:center;line-height:1;font-size:50px}.elementor-widget-text-editor .elementor-drop-cap-letter{display:inline-block}<\/style>\t\t\t\t<p>1.DONN\u00c9ES D&rsquo;IDENTIFICATION<br \/>Conform\u00e9ment \u00e0 l&rsquo;obligation d&rsquo;information contenue dans l&rsquo;article 10 de la loi 34\/2002, du 11 juillet, sur les services de la soci\u00e9t\u00e9 de l&rsquo;information et le commerce \u00e9lectronique, les donn\u00e9es suivantes sont refl\u00e9t\u00e9es ci-dessous :<br \/>La soci\u00e9t\u00e9 propri\u00e9taire de ce domaine web est Courage Technologies S.L., dont l&rsquo;adresse \u00e0 ces fins est Pol\u00edgono Industrial Parque de Sagunto. Av. Sequia de la Torre, Parcela i-8,3 Nave 2. 46520 Puerto de Sagunto, Valencia Num\u00e9ro C.I.F. : B40638819 inscrit au registre du commerce VALENCIA TOMO 10785 FOLIO 89<br \/>Courriel de contact : couragetechnologies@couragetechnologies.eu<\/p><p><br \/>2.LES UTILISATEURS<br \/>L&rsquo;acc\u00e8s \u00e0 et\/ou l&rsquo;utilisation de ce site web portail conf\u00e8re la condition d&rsquo;UTILISATEUR, qui<br \/>accepte, \u00e0 partir dudit acc\u00e8s et\/ou utilisation, les Conditions G\u00e9n\u00e9rales d&rsquo;Utilisation refl\u00e9t\u00e9es dans cet avis.<br \/>le pr\u00e9sent avis. Les conditions seront applicables ind\u00e9pendamment de la<br \/>Conditions g\u00e9n\u00e9rales du contrat qui, le cas \u00e9ch\u00e9ant, sont obligatoires.<br \/>En tout \u00e9tat de cause, pour toute finalit\u00e9 sp\u00e9cifique, votre consentement expr\u00e8s sera demand\u00e9.<\/p><p><br \/>3.UTILISATION DU PORTAIL<br \/>Notre site web donne acc\u00e8s \u00e0 des informations, des services, des programmes ou des donn\u00e9es (ci-apr\u00e8s d\u00e9nomm\u00e9s \u00ab\u00a0les<br \/>ci-apr\u00e8s d\u00e9nomm\u00e9s \u00ab\u00a0les contenus\u00a0\u00bb) sur Internet appartenant \u00e0<br \/>Courage Technologies S.L., ou ses conc\u00e9dants de licence auxquels l&rsquo;UTILISATEUR peut avoir acc\u00e8s.<br \/>L&rsquo;UTILISATEUR assume la responsabilit\u00e9 de l&rsquo;utilisation correcte du portail. Cette responsabilit\u00e9 s&rsquo;\u00e9tend \u00e0 l&rsquo;enregistrement qui peut \u00eatre n\u00e9cessaire pour acc\u00e9der \u00e0 certains services ou contenus.<br \/>Dans cet enregistrement, l&rsquo;UTILISATEUR sera responsable de fournir des informations v\u00e9ridiques et l\u00e9gales sur ses donn\u00e9es. En cons\u00e9quence de cet enregistrement, l&rsquo;UTILISATEUR pourra recevoir un mot de passe dont il sera responsable, s&rsquo;engageant \u00e0 l&rsquo;utiliser de mani\u00e8re diligente, \u00e9thique et confidentielle. L&rsquo;UTILISATEUR s&rsquo;engage \u00e0 faire un usage appropri\u00e9 des contenus et services (tels que les services de chat, les forums de discussion ou les groupes de discussion) propos\u00e9s par son portail et, \u00e0 titre d&rsquo;exemple mais non limitatif, \u00e0 ne pas les utiliser pour :<br \/>&#8211; S&rsquo;engager dans des activit\u00e9s illicites, ill\u00e9gales ou contraires \u00e0 la bonne foi et \u00e0 l&rsquo;ordre public ;<br \/>&#8211; Diffuser des contenus ou de la propagande \u00e0 caract\u00e8re raciste, x\u00e9nophobe, pornographique-ill\u00e9gal, en faveur du terrorisme ou contre les droits de l&rsquo;homme.<br \/>&#8211; causer des dommages aux syst\u00e8mes physiques et logiques du propri\u00e9taire, de ses fournisseurs ou de tiers, introduire ou diffuser des virus informatiques ou tout autre syst\u00e8me physique ou logique pouvant causer les dommages susmentionn\u00e9s ;<\/p><p>&#8211; Tenter d&rsquo;acc\u00e9der et, le cas \u00e9ch\u00e9ant, d&rsquo;utiliser les comptes de messagerie d&rsquo;autres utilisateurs et modifier ou manipuler leurs messages. Le propri\u00e9taire du portail se r\u00e9serve le droit de supprimer tous les commentaires et contributions qui violent le respect de la dignit\u00e9 de la personne, qui sont discriminatoires, x\u00e9nophobes, racistes, pornographiques, qui portent atteinte \u00e0 la jeunesse ou \u00e0 l&rsquo;enfance, \u00e0 l&rsquo;ordre ou \u00e0 la s\u00e9curit\u00e9 publique ou qui, \u00e0 son avis, ne sont pas appropri\u00e9s ou adapt\u00e9s \u00e0 la publication. En tout \u00e9tat de cause, le propri\u00e9taire du portail ne sera pas responsable des opinions exprim\u00e9es par les utilisateurs dans les forums, les chats ou autres outils de participation.<\/p><p>4.PROTECTION DES DONN\u00c9ES<br \/>L&rsquo;utilisation des donn\u00e9es personnelles est d\u00e9finie sur la base du r\u00e8glement g\u00e9n\u00e9ral sur la protection des donn\u00e9es et de la l\u00e9gislation espagnole en vigueur. Dans un souci de transparence maximale et sur la base de notre politique proactive, nous vous informons :<br \/>Pourquoi demandons-nous vos donn\u00e9es ?<br \/>Pour le contact<\/p><p>Quel type de donn\u00e9es recueillons-nous ?<br \/>Donn\u00e9es de l&rsquo;entreprise<\/p><p>Comment est-elle collect\u00e9e ?<br \/>Par questionnaire<\/p><p>partag\u00e9s avec des tiers :<br \/>Aucun partage<\/p><p>Droits : Vous disposez \u00e0 tout moment d&rsquo;un droit d&rsquo;acc\u00e8s, de rectification, d&rsquo;effacement, de limitation et d&rsquo;opposition au traitement de vos donn\u00e9es.<br \/>Vous pouvez \u00e9galement retirer le consentement donn\u00e9 et d\u00e9poser une plainte aupr\u00e8s de l&rsquo;autorit\u00e9 de contr\u00f4le (Agence espagnole de protection des donn\u00e9es, c\/ Jorge Juan n\u00ba6 28001 Madrid). Pour exercer vos droits, vous disposez d&rsquo;un canal direct avec notre entreprise \u00e0 couragetechnologies@couragetechnologies.eu et \u00e0 l&rsquo;adresse postale Pol\u00edgono Industrial Parque de Sagunto. Av. Sequia de la Torre, Parcela i-8,3 Nave 2.<br \/>46520 Puerto de Sagunto, Valencia, indiquant dans le sujet la protection des donn\u00e9es.<\/p><p>La confidentialit\u00e9 dans la navigation :<br \/>Le propri\u00e9taire du portail prend la protection de la vie priv\u00e9e tr\u00e8s au s\u00e9rieux et s&rsquo;efforce de faire preuve de transparence dans tous les aspects li\u00e9s aux donn\u00e9es personnelles. Si vous souhaitez configurer les cookies, nous joignons les liens correspondants pour chaque navigateur. Veuillez vous r\u00e9f\u00e9rer \u00e0 la politique en mati\u00e8re de cookies de notre site web pour plus d&rsquo;informations.<br \/>Vous trouverez de plus amples informations sur la mani\u00e8re de modifier les param\u00e8tres des cookies pour le navigateur que vous utilisez dans la liste ci-dessous :<br \/>&#8211; https:\/\/www.google.com\/intl\/en\/policies\/technologies\/managing\/<br \/>&#8211; http:\/\/support.mozilla.com\/en-GB\/kb\/Cookies#w_cookie-settings<br \/>&#8211; http:\/\/windows.microsoft.com\/en-GB\/windows-vista\/Block-or-allow-cookies<br \/>&#8211; http:\/\/www.apple.com\/safari\/features.html#security<\/p><p>De m\u00eame, Courage Technologies S.L., vous informe qu&rsquo;elle respecte la loi 34\/2002 du 11 juillet, sur les services de la soci\u00e9t\u00e9 de l&rsquo;information et le commerce \u00e9lectronique et vous demandera \u00e0 tout moment votre consentement pour le traitement de votre courrier \u00e9lectronique \u00e0 des fins commerciales.<\/p><p>5.PROPRI\u00c9T\u00c9 INTELLECTUELLE ET INDUSTRIELLE<br \/>Le propri\u00e9taire, par lui-m\u00eame ou en tant que cessionnaire, est le titulaire de tous les droits de propri\u00e9t\u00e9 intellectuelle et industrielle de sa page web, ainsi que de tous les droits du site web.<br \/>les droits de propri\u00e9t\u00e9 intellectuelle et industrielle de son site web, ainsi que des \u00e9l\u00e9ments qui y sont contenus (y compris, mais sans s&rsquo;y limiter, les images, le son, l&rsquo;audio, la vid\u00e9o, les logiciels ou les textes ; les marques ou les logos, les combinaisons de couleurs, la structure et le design, la s\u00e9lection des mat\u00e9riaux utilis\u00e9s, les programmes informatiques n\u00e9cessaires \u00e0 son fonctionnement, son acc\u00e8s et son utilisation, etc.)<br \/>Tous droits r\u00e9serv\u00e9s. En vertu des dispositions des articles 8 et 32.1, deuxi\u00e8me alin\u00e9a, de la loi sur la propri\u00e9t\u00e9 intellectuelle, sont express\u00e9ment interdits<br \/>La reproduction, la distribution et la communication publique, y compris la mise \u00e0 disposition, de tout ou partie du contenu de ce site web, \u00e0 des fins commerciales, sur tout support et par tout moyen technique, sans l&rsquo;autorisation de Courage Technologies S.L., sont express\u00e9ment interdites.<br \/>L&rsquo;UTILISATEUR s&rsquo;engage \u00e0 respecter les droits de propri\u00e9t\u00e9 intellectuelle et industrielle appartenant \u00e0 Courage Technologies S.L.<br \/>Vous pouvez visualiser les \u00e9l\u00e9ments du portail et m\u00eame les imprimer, les copier et les stocker sur le disque dur de votre ordinateur ou sur tout autre support physique, \u00e0 condition que ce soit uniquement et exclusivement pour votre usage personnel et priv\u00e9. L&rsquo;UTILISATEUR doit s&rsquo;abstenir d&rsquo;effacer, d&rsquo;alt\u00e9rer, d&rsquo;\u00e9luder ou de manipuler tout dispositif de protection ou syst\u00e8me de s\u00e9curit\u00e9 install\u00e9 sur les pages de Courage Technologies S.L..<\/p><p>6.EXCLUSION DES GARANTIES ET DE LA RESPONSABILIT\u00c9<br \/>Courage Technologies S.L. n&rsquo;est en aucun cas responsable des dommages de toute nature qui peuvent \u00eatre caus\u00e9s par, mais sans s&rsquo;y limiter : des erreurs ou des omissions dans le contenu, le manque de disponibilit\u00e9 du portail ou la transmission de virus ou de programmes malveillants ou nuisibles dans le contenu, bien qu&rsquo;ayant adopt\u00e9 toutes les mesures technologiques n\u00e9cessaires pour l&rsquo;\u00e9viter.<\/p><p>7.MODIFICATIONS<br \/>Courage Technologies S.L., se r\u00e9serve le droit d&rsquo;apporter les modifications qu&rsquo;elle juge opportunes \u00e0 son portail sans pr\u00e9avis, pouvant changer, supprimer ou ajouter aussi bien les contenus et services fournis \u00e0 travers celui-ci que la mani\u00e8re dont ils sont pr\u00e9sent\u00e9s ou localis\u00e9s sur son portail.<\/p><p>8. LIENS<\/p><p>Dans le cas o\u00f9 Courage Technologies S.L. aurait des liens ou des hyperliens vers d&rsquo;autres sites Internet, elle n&rsquo;exerce aucun type de contr\u00f4le sur ces sites et leurs contenus. En aucun cas, Courage Technologies S.L. n&rsquo;assume la responsabilit\u00e9 du contenu d&rsquo;un lien appartenant \u00e0 un site web externe, ni ne garantit la disponibilit\u00e9 technique, la qualit\u00e9, la fiabilit\u00e9, l&rsquo;exactitude, l&rsquo;exhaustivit\u00e9, la v\u00e9racit\u00e9, la validit\u00e9 et la constitutionnalit\u00e9 de tout mat\u00e9riel ou information contenu dans ces hyperliens ou autres sites Internet. Si vous utilisez les liens, veuillez vous r\u00e9f\u00e9rer \u00e0 la politique de confidentialit\u00e9 et aux mentions l\u00e9gales de la page visit\u00e9e. De m\u00eame, l&rsquo;inclusion de ces liens externes n&rsquo;implique aucun type d&rsquo;association, de fusion ou de participation avec les entit\u00e9s li\u00e9es.<\/p><p>9.DROIT D&rsquo;EXCLUSION<br \/>Courage Technologies S.L. se r\u00e9serve le droit de refuser ou de retirer l&rsquo;acc\u00e8s au portail et\/ou aux services offerts sans pr\u00e9avis, \u00e0 sa propre demande ou \u00e0 la demande d&rsquo;un tiers, aux utilisateurs qui ne respectent pas les pr\u00e9sentes conditions g\u00e9n\u00e9rales d&rsquo;utilisation.<\/p><p><br \/>10.GENERAL<br \/>Le non-respect des pr\u00e9sentes conditions ainsi que toute utilisation abusive de son portail seront poursuivis en exer\u00e7ant toutes les actions civiles et p\u00e9nales qui peuvent lui correspondre par la loi.<\/p><p>11.MODIFICATION DES PR\u00c9SENTES CONDITIONS ET DUR\u00c9E<br \/>Courage Technologies S.L. peut modifier \u00e0 tout moment les conditions \u00e9nonc\u00e9es ici, \u00e9tant d\u00fbment publi\u00e9es telles qu&rsquo;elles apparaissent ici.<br \/>La validit\u00e9 des conditions susmentionn\u00e9es d\u00e9pendra de leur exposition et restera en vigueur jusqu&rsquo;\u00e0 ce qu&rsquo;elles soient d\u00fbment publi\u00e9es. elles sont modifi\u00e9es par d&rsquo;autres.<\/p><p>12. DROIT APPLICABLE ET JURIDICTION a relation entre Courage Technologies S.L. et l&rsquo;UTILISATEUR sera r\u00e9gie par la l\u00e9gislation espagnole en vigueur et tout litige sera soumis \u00e0 l&rsquo;autorit\u00e9 comp\u00e9tente.<\/p>\t\t\t\t\t\t<\/div>\n\t\t\t\t<\/div>\n\t\t\t\t\t<\/div>\n\t\t<\/div>\n\t\t\t\t<div class=\"elementor-column elementor-col-16 elementor-top-column elementor-element elementor-element-8c180a4\" data-id=\"8c180a4\" data-element_type=\"column\">\n\t\t\t<div class=\"elementor-widget-wrap\">\n\t\t\t\t\t\t\t\t\t<\/div>\n\t\t<\/div>\n\t\t\t\t\t\t\t<\/div>\n\t\t<\/section>\n\t\t\t\t\t\t<\/div>\n\t\t\t\t\t<\/div>\n\t\t","protected":false},"excerpt":{"rendered":"<p>Politique de confidentialit\u00e9 1.DONN\u00c9ES D&rsquo;IDENTIFICATIONConform\u00e9ment \u00e0 l&rsquo;obligation d&rsquo;information contenue dans l&rsquo;article 10 de la loi 34\/2002, du 11 juillet, sur les services de la soci\u00e9t\u00e9 de l&rsquo;information et le commerce \u00e9lectronique, les donn\u00e9es suivantes sont refl\u00e9t\u00e9es ci-dessous :La soci\u00e9t\u00e9 propri\u00e9taire de ce domaine web est Courage Technologies S.L., dont l&rsquo;adresse \u00e0 ces fins est Pol\u00edgono [&hellip;]<\/p>\n","protected":false},"author":1,"featured_media":0,"parent":0,"menu_order":0,"comment_status":"closed","ping_status":"closed","template":"","meta":{"footnotes":""},"class_list":["post-2929","page","type-page","status-publish","hentry"],"_links":{"self":[{"href":"https:\/\/couragetechnologies.eu\/fr\/wp-json\/wp\/v2\/pages\/2929"}],"collection":[{"href":"https:\/\/couragetechnologies.eu\/fr\/wp-json\/wp\/v2\/pages"}],"about":[{"href":"https:\/\/couragetechnologies.eu\/fr\/wp-json\/wp\/v2\/types\/page"}],"author":[{"embeddable":true,"href":"https:\/\/couragetechnologies.eu\/fr\/wp-json\/wp\/v2\/users\/1"}],"replies":[{"embeddable":true,"href":"https:\/\/couragetechnologies.eu\/fr\/wp-json\/wp\/v2\/comments?post=2929"}],"version-history":[{"count":3,"href":"https:\/\/couragetechnologies.eu\/fr\/wp-json\/wp\/v2\/pages\/2929\/revisions"}],"predecessor-version":[{"id":2932,"href":"https:\/\/couragetechnologies.eu\/fr\/wp-json\/wp\/v2\/pages\/2929\/revisions\/2932"}],"wp:attachment":[{"href":"https:\/\/couragetechnologies.eu\/fr\/wp-json\/wp\/v2\/media?parent=2929"}],"curies":[{"name":"wp","href":"https:\/\/api.w.org\/{rel}","templated":true}]}}