{"id":3253,"date":"2022-04-26T12:43:25","date_gmt":"2022-04-26T10:43:25","guid":{"rendered":"https:\/\/couragetechnologies.eu\/?page_id=3253"},"modified":"2022-11-06T14:55:48","modified_gmt":"2022-11-06T13:55:48","slug":"politica-de-privacidade-pt","status":"publish","type":"page","link":"https:\/\/couragetechnologies.eu\/pt-pt\/politica-de-privacidade-pt\/","title":{"rendered":"Pol\u00edtica de Privacidade PT"},"content":{"rendered":"\t\t<div data-elementor-type=\"wp-page\" data-elementor-id=\"3253\" class=\"elementor elementor-3253\" data-elementor-settings=\"[]\">\n\t\t\t\t\t\t\t<div class=\"elementor-section-wrap\">\n\t\t\t\t\t\t\t<section class=\"elementor-section elementor-top-section elementor-element elementor-element-6aa2d83 elementor-section-full_width elementor-section-height-default elementor-section-height-default\" data-id=\"6aa2d83\" data-element_type=\"section\">\n\t\t\t\t\t\t<div class=\"elementor-container elementor-column-gap-default\">\n\t\t\t\t\t<div class=\"elementor-column elementor-col-100 elementor-top-column elementor-element elementor-element-6c003d8\" data-id=\"6c003d8\" data-element_type=\"column\">\n\t\t\t<div class=\"elementor-widget-wrap elementor-element-populated\">\n\t\t\t\t\t\t\t\t<div class=\"elementor-element elementor-element-743b82e elementor--h-position-center elementor--v-position-middle elementor-arrows-position-inside elementor-pagination-position-inside elementor-widget elementor-widget-slides\" data-id=\"743b82e\" data-element_type=\"widget\" data-settings=\"{&quot;navigation&quot;:&quot;both&quot;,&quot;autoplay&quot;:&quot;yes&quot;,&quot;pause_on_hover&quot;:&quot;yes&quot;,&quot;pause_on_interaction&quot;:&quot;yes&quot;,&quot;autoplay_speed&quot;:5000,&quot;infinite&quot;:&quot;yes&quot;,&quot;transition&quot;:&quot;slide&quot;,&quot;transition_speed&quot;:500}\" data-widget_type=\"slides.default\">\n\t\t\t\t<div class=\"elementor-widget-container\">\n\t\t\t<style>\/*! elementor-pro - v3.6.3 - 28-02-2022 *\/\n.elementor-slides .swiper-slide-bg{background-size:cover;background-position:50%;background-repeat:no-repeat;min-width:100%;min-height:100%}.elementor-slides .swiper-slide-inner{background-repeat:no-repeat;background-position:50%;position:absolute;top:0;left:0;bottom:0;right:0;padding:50px;margin:auto}.elementor-slides .swiper-slide-inner,.elementor-slides .swiper-slide-inner:hover{color:#fff;display:-webkit-box;display:-ms-flexbox;display:flex}.elementor-slides .swiper-slide-inner .elementor-background-overlay{position:absolute;z-index:0;top:0;bottom:0;left:0;right:0}.elementor-slides .swiper-slide-inner .elementor-slide-content{position:relative;z-index:1;width:100%}.elementor-slides .swiper-slide-inner .elementor-slide-heading{font-size:35px;font-weight:700;line-height:1}.elementor-slides .swiper-slide-inner .elementor-slide-description{font-size:17px;line-height:1.4}.elementor-slides .swiper-slide-inner .elementor-slide-description:not(:last-child),.elementor-slides .swiper-slide-inner .elementor-slide-heading:not(:last-child){margin-bottom:30px}.elementor-slides .swiper-slide-inner .elementor-slide-button{border:2px solid #fff;color:#fff;background:transparent;display:inline-block}.elementor-slides .swiper-slide-inner .elementor-slide-button,.elementor-slides .swiper-slide-inner .elementor-slide-button:hover{background:transparent;color:inherit;text-decoration:none}.elementor--v-position-top .swiper-slide-inner{-webkit-box-align:start;-ms-flex-align:start;align-items:flex-start}.elementor--v-position-bottom .swiper-slide-inner{-webkit-box-align:end;-ms-flex-align:end;align-items:flex-end}.elementor--v-position-middle .swiper-slide-inner{-webkit-box-align:center;-ms-flex-align:center;align-items:center}.elementor--h-position-left .swiper-slide-inner{-webkit-box-pack:start;-ms-flex-pack:start;justify-content:flex-start}.elementor--h-position-right .swiper-slide-inner{-webkit-box-pack:end;-ms-flex-pack:end;justify-content:flex-end}.elementor--h-position-center .swiper-slide-inner{-webkit-box-pack:center;-ms-flex-pack:center;justify-content:center}body.rtl .elementor-widget-slides .elementor-swiper-button-next{left:10px;right:auto}body.rtl .elementor-widget-slides .elementor-swiper-button-prev{right:10px;left:auto}.elementor-slides-wrapper div:not(.swiper-slide)>.swiper-slide-inner{display:none}@media (max-width:767px){.elementor-slides .swiper-slide-inner{padding:30px}.elementor-slides .swiper-slide-inner .elementor-slide-heading{font-size:23px;line-height:1;margin-bottom:15px}.elementor-slides .swiper-slide-inner .elementor-slide-description{font-size:13px;line-height:1.4;margin-bottom:15px}}<\/style>\t\t<div class=\"elementor-swiper\">\n\t\t\t<div class=\"elementor-slides-wrapper elementor-main-swiper swiper-container\" dir=\"ltr\" data-animation=\"fadeInUp\">\n\t\t\t\t<div class=\"swiper-wrapper elementor-slides\">\n\t\t\t\t\t\t\t\t\t\t<div class=\"elementor-repeater-item-9420a92 swiper-slide\"><div class=\"swiper-slide-bg\"><\/div><div class=\"swiper-slide-inner\" ><div class=\"swiper-slide-contents\"><\/div><\/div><\/div>\t\t\t\t<\/div>\n\t\t\t\t\t\t\t<\/div>\n\t\t<\/div>\n\t\t\t\t<\/div>\n\t\t\t\t<\/div>\n\t\t\t\t\t<\/div>\n\t\t<\/div>\n\t\t\t\t\t\t\t<\/div>\n\t\t<\/section>\n\t\t\t\t<section class=\"elementor-section elementor-top-section elementor-element elementor-element-def945f elementor-section-boxed elementor-section-height-default elementor-section-height-default\" data-id=\"def945f\" data-element_type=\"section\" data-settings=\"{&quot;background_background&quot;:&quot;gradient&quot;}\">\n\t\t\t\t\t\t<div class=\"elementor-container elementor-column-gap-default\">\n\t\t\t\t\t<div class=\"elementor-column elementor-col-16 elementor-top-column elementor-element elementor-element-9b65030\" data-id=\"9b65030\" data-element_type=\"column\">\n\t\t\t<div class=\"elementor-widget-wrap\">\n\t\t\t\t\t\t\t\t\t<\/div>\n\t\t<\/div>\n\t\t\t\t<div class=\"elementor-column elementor-col-66 elementor-top-column elementor-element elementor-element-e15f854\" data-id=\"e15f854\" data-element_type=\"column\">\n\t\t\t<div class=\"elementor-widget-wrap elementor-element-populated\">\n\t\t\t\t\t\t\t\t<div class=\"elementor-element elementor-element-82ce55f elementor-widget elementor-widget-heading\" data-id=\"82ce55f\" data-element_type=\"widget\" data-widget_type=\"heading.default\">\n\t\t\t\t<div class=\"elementor-widget-container\">\n\t\t\t<style>\/*! elementor - v3.5.6 - 28-02-2022 *\/\n.elementor-heading-title{padding:0;margin:0;line-height:1}.elementor-widget-heading .elementor-heading-title[class*=elementor-size-]>a{color:inherit;font-size:inherit;line-height:inherit}.elementor-widget-heading .elementor-heading-title.elementor-size-small{font-size:15px}.elementor-widget-heading .elementor-heading-title.elementor-size-medium{font-size:19px}.elementor-widget-heading .elementor-heading-title.elementor-size-large{font-size:29px}.elementor-widget-heading .elementor-heading-title.elementor-size-xl{font-size:39px}.elementor-widget-heading .elementor-heading-title.elementor-size-xxl{font-size:59px}<\/style><h1 class=\"elementor-heading-title elementor-size-default\">Pol\u00edtica de privacidade<\/h1>\t\t<\/div>\n\t\t\t\t<\/div>\n\t\t\t\t\t<\/div>\n\t\t<\/div>\n\t\t\t\t<div class=\"elementor-column elementor-col-16 elementor-top-column elementor-element elementor-element-70bff02\" data-id=\"70bff02\" data-element_type=\"column\">\n\t\t\t<div class=\"elementor-widget-wrap\">\n\t\t\t\t\t\t\t\t\t<\/div>\n\t\t<\/div>\n\t\t\t\t\t\t\t<\/div>\n\t\t<\/section>\n\t\t\t\t<section class=\"elementor-section elementor-top-section elementor-element elementor-element-9ef569f elementor-section-boxed elementor-section-height-default elementor-section-height-default\" data-id=\"9ef569f\" data-element_type=\"section\">\n\t\t\t\t\t\t<div class=\"elementor-container elementor-column-gap-default\">\n\t\t\t\t\t<div class=\"elementor-column elementor-col-16 elementor-top-column elementor-element elementor-element-972d083\" data-id=\"972d083\" data-element_type=\"column\">\n\t\t\t<div class=\"elementor-widget-wrap\">\n\t\t\t\t\t\t\t\t\t<\/div>\n\t\t<\/div>\n\t\t\t\t<div class=\"elementor-column elementor-col-66 elementor-top-column elementor-element elementor-element-59b78aa\" data-id=\"59b78aa\" data-element_type=\"column\">\n\t\t\t<div class=\"elementor-widget-wrap elementor-element-populated\">\n\t\t\t\t\t\t\t\t<div class=\"elementor-element elementor-element-f6ca4e7 elementor-widget elementor-widget-text-editor\" data-id=\"f6ca4e7\" data-element_type=\"widget\" data-widget_type=\"text-editor.default\">\n\t\t\t\t<div class=\"elementor-widget-container\">\n\t\t\t<style>\/*! elementor - v3.5.6 - 28-02-2022 *\/\n.elementor-widget-text-editor.elementor-drop-cap-view-stacked .elementor-drop-cap{background-color:#818a91;color:#fff}.elementor-widget-text-editor.elementor-drop-cap-view-framed .elementor-drop-cap{color:#818a91;border:3px solid;background-color:transparent}.elementor-widget-text-editor:not(.elementor-drop-cap-view-default) .elementor-drop-cap{margin-top:8px}.elementor-widget-text-editor:not(.elementor-drop-cap-view-default) .elementor-drop-cap-letter{width:1em;height:1em}.elementor-widget-text-editor .elementor-drop-cap{float:left;text-align:center;line-height:1;font-size:50px}.elementor-widget-text-editor .elementor-drop-cap-letter{display:inline-block}<\/style>\t\t\t\t<p>1.DADOS DE IDENTIFICA\u00c7\u00c3O<br \/>Em conformidade com o dever de informa\u00e7\u00e3o contido no artigo 10\u00ba da Lei 34\/2002, de 11 de Julho, sobre Servi\u00e7os da Sociedade da Informa\u00e7\u00e3o e Com\u00e9rcio Electr\u00f3nico, os seguintes dados s\u00e3o reflectidos abaixo:<br \/>A empresa propriet\u00e1ria deste dom\u00ednio web \u00e9 a Courage Technologies S.L., com endere\u00e7o registado para estes fins no Pol\u00edgono Industrial Parque de Sagunto. Av. Sequia de la Torre, Parcela i-8,3 Nave 2. 46520 Puerto de Sagunto, Valencia C.I.F. n\u00famero: B40638819 inscrita no registo mercantil VALENCIA TOMO 10785 FOLIO 89<br \/>E-mail de contacto: couragetechnologies@couragetechnologies.eu<\/p><p>2.USU\u00c1RIOS<br \/>O acesso e\/ou utiliza\u00e7\u00e3o deste portal confere a condi\u00e7\u00e3o de USU\u00c1RIO, que<br \/>aceita, a partir desse acesso e\/ou utiliza\u00e7\u00e3o, as Condi\u00e7\u00f5es Gerais de Utiliza\u00e7\u00e3o reflectidas no presente aviso.<br \/>presente aviso. As Condi\u00e7\u00f5es ser\u00e3o aplic\u00e1veis independentemente do<br \/>Termos e Condi\u00e7\u00f5es Gerais de Contrato que, quando aplic\u00e1veis, s\u00e3o obrigat\u00f3rios.<br \/>Em qualquer caso, para qualquer fim espec\u00edfico, o seu consentimento expresso ser\u00e1 solicitado.<\/p><p>3.UTILIZA\u00c7\u00c3O DO PORTAL<br \/>O nosso s\u00edtio Web fornece acesso a informa\u00e7\u00f5es, servi\u00e7os, programas ou dados (doravante referido como \u201co<br \/>adiante referido como \u201co conte\u00fado\u201d) na Internet pertencente a<br \/>Courage Technologies S.L., ou os seus licenciadores a que o USU\u00c1RIO possa ter acesso.<br \/>O USU\u00c1RIO assume a responsabilidade pela correcta utiliza\u00e7\u00e3o do portal. Esta responsabilidade estende-se ao registo que possa ser necess\u00e1rio para aceder a determinados servi\u00e7os ou conte\u00fados.<br \/>Neste registo, o USU\u00c1RIO ser\u00e1 respons\u00e1vel por fornecer informa\u00e7\u00f5es verdadeiras e l\u00edcitas sobre os seus dados. Como consequ\u00eancia deste registo, pode ser fornecida ao USU\u00c1RIO uma palavra-passe pela qual ser\u00e1 respons\u00e1vel, comprometendo-se a utiliz\u00e1-la de forma diligente, \u00e9tica e confidencial. O USU\u00c1RIO compromete-se a fazer um uso adequado dos conte\u00fados e servi\u00e7os (tais como servi\u00e7os de chat, f\u00f3runs de discuss\u00e3o ou grupos de not\u00edcias) oferecidos atrav\u00e9s do seu portal e, a t\u00edtulo de exemplo, mas n\u00e3o limitado, a n\u00e3o os utilizar para fins de utiliza\u00e7\u00e3o:<br \/>\u2013 Envolver-se em actividades que sejam il\u00edcitas, ilegais ou contr\u00e1rias \u00e0 boa f\u00e9 e \u00e0 ordem p\u00fablica;<br \/>\u2013 Divulgar conte\u00fados ou propaganda de natureza racista, xen\u00f3foba, pornogr\u00e1fico-ilegal, em apoio ao terrorismo ou contra os direitos humanos.<br \/>\u2013 Causar danos nos sistemas f\u00edsicos e l\u00f3gicos do propriet\u00e1rio, dos seus fornecedores ou de terceiros, introduzir ou disseminar v\u00edrus inform\u00e1ticos ou quaisquer outros sistemas f\u00edsicos ou l\u00f3gicos que possam causar os danos acima mencionados;<\/p><p>\u2013 Tentar aceder e, quando apropriado, utilizar as contas de correio electr\u00f3nico de outros utilizadores e modificar ou manipular as suas mensagens. O propriet\u00e1rio do portal reserva-se o direito de retirar todos os coment\u00e1rios e contribui\u00e7\u00f5es que violem o respeito pela dignidade da pessoa, que sejam discriminat\u00f3rios, xen\u00f3fobos, racistas, pornogr\u00e1ficos, que violem a juventude ou inf\u00e2ncia, a ordem ou a seguran\u00e7a p\u00fablica ou que, na sua opini\u00e3o, n\u00e3o sejam apropriados ou adequados para publica\u00e7\u00e3o. Em qualquer caso, o propriet\u00e1rio do portal n\u00e3o ser\u00e1 respons\u00e1vel pelas opini\u00f5es expressas pelos utilizadores atrav\u00e9s de f\u00f3runs, chats ou outros instrumentos de participa\u00e7\u00e3o.<\/p><p>4.PROTEC\u00c7\u00c3O DE DADOS<br \/>A utiliza\u00e7\u00e3o de dados pessoais \u00e9 definida com base no Regulamento Geral de Protec\u00e7\u00e3o de Dados e na actual legisla\u00e7\u00e3o espanhola. A fim de alcan\u00e7ar a m\u00e1xima transpar\u00eancia e com base na nossa pol\u00edtica pr\u00f3-activa, informamo-lo:<br \/>Porque \u00e9 que solicitamos os seus dados?<br \/>Para contacto<\/p><p>Que tipo de dados recolhemos?<br \/>Dados da empresa<\/p><p>Como \u00e9 recolhido?<br \/>Por question\u00e1rio<\/p><p>Partilhado com terceiros:<br \/>Sem partilha<\/p><p>Direitos: Tem o direito de aceder, rectificar, apagar, limitar e opor-se ao tratamento dos seus dados em qualquer altura.<br \/>Tamb\u00e9m pode retirar o consentimento dado e apresentar queixa \u00e0 autoridade de controlo (Ag\u00eancia Espanhola de Protec\u00e7\u00e3o de Dados, c\/ Jorge Juan n\u00ba6 28001 Madrid). Para exercer os seus direitos, tem um canal directo com a nossa empresa em couragetechnologies@couragetechnologies.eu e no endere\u00e7o postal Pol\u00edgono Industrial Parque de Sagunto. Av. Sequia de la Torre, Parcela i-8,3 Nave 2.<br \/>46520 Puerto de Sagunto, Val\u00eancia, indicando no assunto protec\u00e7\u00e3o de dados.<\/p><p>Privacidade na navega\u00e7\u00e3o:<br \/>O propriet\u00e1rio do portal leva a privacidade muito a s\u00e9rio, e esfor\u00e7a-se pela transpar\u00eancia em todos os aspectos relacionados com os dados pessoais. Se desejar configurar os cookies, anexamos as liga\u00e7\u00f5es correspondentes para cada browser. Para mais informa\u00e7\u00f5es, consulte a pol\u00edtica de cookies do nosso s\u00edtio web.<br \/>Pode encontrar mais informa\u00e7\u00f5es sobre como alterar as suas defini\u00e7\u00f5es de cookies para o browser que est\u00e1 a utilizar na lista abaixo:<br \/>\u2013 https:\/\/www.google.com\/intl\/en\/policies\/technologies\/managing\/<br \/>\u2013 http:\/\/support.mozilla.com\/en-GB\/kb\/Cookies#w_cookie-settings<br \/>\u2013 http:\/\/windows.microsoft.com\/en-GB\/windows-vista\/Block-or-allow-cookies<br \/>\u2013 http:\/\/www.apple.com\/safari\/features.html#security<\/p><p>Da mesma forma, Courage Technologies S.L., informa-o que cumpre a Lei 34\/2002 de 11 de Julho, sobre Servi\u00e7os da Sociedade da Informa\u00e7\u00e3o e Com\u00e9rcio Electr\u00f3nico e solicitar\u00e1 o seu consentimento para o processamento do seu e-mail para fins comerciais em qualquer altura.<\/p><p>5.PROPRIEDADE INTELECTUAL E INDUSTRIAL<br \/>O propriet\u00e1rio, por si s\u00f3 ou como cession\u00e1rio, \u00e9 o propriet\u00e1rio de todos os direitos de propriedade intelectual e industrial da sua p\u00e1gina web, bem como de todos os direitos do s\u00edtio web e do seu conte\u00fado.<br \/>direitos de propriedade intelectual e industrial do seu website, bem como dos elementos nele contidos (incluindo, entre outros, imagens, som, \u00e1udio, v\u00eddeo, software ou textos; marcas ou log\u00f3tipos, combina\u00e7\u00f5es de cores, estrutura e design, selec\u00e7\u00e3o de materiais utilizados, programas inform\u00e1ticos necess\u00e1rios para o seu funcionamento, acesso e utiliza\u00e7\u00e3o, etc.).<br \/>Todos os direitos reservados. Em virtude do disposto nos artigos 8\u00ba e 32.1, segundo par\u00e1grafo, da Lei da Propriedade Intelectual, s\u00e3o expressamente proibidos<br \/>a reprodu\u00e7\u00e3o, distribui\u00e7\u00e3o e comunica\u00e7\u00e3o p\u00fablica, incluindo a disponibiliza\u00e7\u00e3o, de todo ou parte do conte\u00fado deste website, para fins comerciais, em qualquer meio e por quaisquer meios t\u00e9cnicos, sem autoriza\u00e7\u00e3o da Courage Technologies S.L., s\u00e3o expressamente proibidas.<br \/>O USU\u00c1RIO compromete-se a respeitar os direitos de Propriedade Intelectual e Industrial detidos pela Courage Technologies S.L.<br \/>Pode visualizar os elementos do portal e at\u00e9 imprimi-los, copi\u00e1-los e armazen\u00e1-los no disco r\u00edgido do seu computador ou em qualquer outro suporte f\u00edsico, desde que seja \u00fanica e exclusivamente para seu uso pessoal e privado. O USU\u00c1RIO deve abster-se de apagar, alterar, iludir ou manipular qualquer dispositivo de protec\u00e7\u00e3o ou sistema de seguran\u00e7a instalado nas p\u00e1ginas da Courage Technologies S.L.<\/p><p>\u00a06.EXCLUS\u00c3O DE GARANTIAS E RESPONSABILIDADE<br \/>Courage Technologies S.L. n\u00e3o aceita qualquer responsabilidade, em nenhuma circunst\u00e2ncia, por danos de qualquer tipo que possam ser causados por, mas n\u00e3o limitados a: erros ou omiss\u00f5es no conte\u00fado, falta de disponibilidade do portal ou a transmiss\u00e3o de v\u00edrus ou programas maliciosos ou prejudiciais no conte\u00fado, apesar de ter adoptado todas as medidas tecnol\u00f3gicas necess\u00e1rias para o evitar.<\/p><p>7.MODIFICA\u00c7\u00d5ES<br \/>Courage Technologies S.L., reserva-se o direito de fazer quaisquer modifica\u00e7\u00f5es que considere adequadas ao seu portal sem aviso pr\u00e9vio, podendo alterar, apagar ou acrescentar tanto os conte\u00fados e servi\u00e7os fornecidos atrav\u00e9s do mesmo como a forma como estes s\u00e3o apresentados ou localizados no seu portal.<\/p><p>8. LINKS<\/p><p>No caso da Courage Technologies S.L. dever ter liga\u00e7\u00f5es ou hiperliga\u00e7\u00f5es a outros sites da Internet, n\u00e3o dever\u00e1 exercer qualquer tipo de controlo sobre os referidos sites e conte\u00fados. Em nenhuma circunst\u00e2ncia a Courage Technologies S.L. assumir\u00e1 qualquer responsabilidade pelo conte\u00fado de qualquer link pertencente a um website externo, nem garantir\u00e1 a disponibilidade t\u00e9cnica, qualidade, fiabilidade, exactid\u00e3o, abrang\u00eancia, veracidade, validade e constitucionalidade de qualquer material ou informa\u00e7\u00e3o contida em tais hyperlinks ou outros websites da Internet. Se utilizar as liga\u00e7\u00f5es, consulte a pol\u00edtica de privacidade e o aviso legal da p\u00e1gina visitada. Do mesmo modo, a inclus\u00e3o destas liga\u00e7\u00f5es externas n\u00e3o implica qualquer tipo de associa\u00e7\u00e3o, fus\u00e3o ou participa\u00e7\u00e3o com as entidades ligadas.<\/p><p>9.DIREITO DE EXCLUS\u00c3O<br \/>Courage Technologies S.L. reserva-se o direito de negar ou retirar o acesso ao portal e\/ou aos servi\u00e7os oferecidos sem aviso pr\u00e9vio, a seu pedido ou a pedido de terceiros, aos utilizadores que n\u00e3o cumpram as presentes Condi\u00e7\u00f5es Gerais de Utiliza\u00e7\u00e3o.<\/p><p>10.GERAL<br \/>O n\u00e3o cumprimento das presentes condi\u00e7\u00f5es, bem como qualquer utiliza\u00e7\u00e3o indevida do seu portal, ser\u00e1 perseguido atrav\u00e9s do exerc\u00edcio de todas as ac\u00e7\u00f5es civis e penais que lhe possam corresponder por lei.<\/p><p>11.MODIFICA\u00c7\u00c3O DESTAS CONDI\u00c7\u00d5ES E DURA\u00c7\u00c3O<br \/>Courage Technologies S.L. pode modificar em qualquer altura as condi\u00e7\u00f5es aqui estabelecidas, sendo devidamente publicadas tal como aqui aparecem.<br \/>A validade das condi\u00e7\u00f5es acima mencionadas depender\u00e1 da sua exposi\u00e7\u00e3o e permanecer\u00e1 em vigor at\u00e9 serem devidamente publicadas.<\/p><p>12. LEI APLIC\u00c1VEL E JURISDI\u00c7\u00c3O A rela\u00e7\u00e3o entre a Courage Technologies S.L. e o USU\u00c1RIO ser\u00e1 regida pela legisla\u00e7\u00e3o espanhola em vigor e qualquer disputa ser\u00e1 submetida \u00e0 autoridade competente.<\/p>\t\t\t\t\t\t<\/div>\n\t\t\t\t<\/div>\n\t\t\t\t\t<\/div>\n\t\t<\/div>\n\t\t\t\t<div class=\"elementor-column elementor-col-16 elementor-top-column elementor-element elementor-element-8c180a4\" data-id=\"8c180a4\" data-element_type=\"column\">\n\t\t\t<div class=\"elementor-widget-wrap\">\n\t\t\t\t\t\t\t\t\t<\/div>\n\t\t<\/div>\n\t\t\t\t\t\t\t<\/div>\n\t\t<\/section>\n\t\t\t\t\t\t<\/div>\n\t\t\t\t\t<\/div>\n\t\t","protected":false},"excerpt":{"rendered":"<p>Pol\u00edtica de privacidade 1.DADOS DE IDENTIFICA\u00c7\u00c3OEm conformidade com o dever de informa\u00e7\u00e3o contido no artigo 10\u00ba da Lei 34\/2002, de 11 de Julho, sobre Servi\u00e7os da Sociedade da Informa\u00e7\u00e3o e Com\u00e9rcio Electr\u00f3nico, os seguintes dados s\u00e3o reflectidos abaixo:A empresa propriet\u00e1ria deste dom\u00ednio web \u00e9 a Courage Technologies S.L., com endere\u00e7o registado para estes fins no [&hellip;]<\/p>\n","protected":false},"author":1,"featured_media":0,"parent":0,"menu_order":0,"comment_status":"closed","ping_status":"closed","template":"","meta":{"footnotes":""},"class_list":["post-3253","page","type-page","status-publish","hentry"],"_links":{"self":[{"href":"https:\/\/couragetechnologies.eu\/pt-pt\/wp-json\/wp\/v2\/pages\/3253"}],"collection":[{"href":"https:\/\/couragetechnologies.eu\/pt-pt\/wp-json\/wp\/v2\/pages"}],"about":[{"href":"https:\/\/couragetechnologies.eu\/pt-pt\/wp-json\/wp\/v2\/types\/page"}],"author":[{"embeddable":true,"href":"https:\/\/couragetechnologies.eu\/pt-pt\/wp-json\/wp\/v2\/users\/1"}],"replies":[{"embeddable":true,"href":"https:\/\/couragetechnologies.eu\/pt-pt\/wp-json\/wp\/v2\/comments?post=3253"}],"version-history":[{"count":6,"href":"https:\/\/couragetechnologies.eu\/pt-pt\/wp-json\/wp\/v2\/pages\/3253\/revisions"}],"predecessor-version":[{"id":3308,"href":"https:\/\/couragetechnologies.eu\/pt-pt\/wp-json\/wp\/v2\/pages\/3253\/revisions\/3308"}],"wp:attachment":[{"href":"https:\/\/couragetechnologies.eu\/pt-pt\/wp-json\/wp\/v2\/media?parent=3253"}],"curies":[{"name":"wp","href":"https:\/\/api.w.org\/{rel}","templated":true}]}}